{"id":416,"date":"2025-07-17T18:49:05","date_gmt":"2025-07-17T16:49:05","guid":{"rendered":"https:\/\/manifbure.fr\/?page_id=416"},"modified":"2025-09-17T00:57:57","modified_gmt":"2025-09-16T22:57:57","slug":"nous-aider","status":"publish","type":"page","link":"https:\/\/manifbure.fr\/en\/nous-aider\/","title":{"rendered":"Nous aider"},"content":{"rendered":"\n<p><\/p>\n\n\n\n<p>Septembre sera un mois intense et d\u00e9terminant pour la lutte \u00e0 Bure : un campement infini s&#8217;\u00e9tablira \u00e0 l&#8217;ancienne Gare de Lum\u00e9ville, menac\u00e9e d&#8217;expulsion, d\u00e8s le d\u00e9but du mois. &#8220;Septembre infini&#8221; a d&#8217;ores et d\u00e9j\u00e0 lanc\u00e9 plusieurs appels pour solliciter des coups de main. <\/p>\n\n\n\n<p>La manifestation, quant \u00e0 elle, mobilisera une seconde logistique, ind\u00e9pendante \u00e0 part enti\u00e8re de la premi\u00e8re, sur un autre terrain de la lutte et n\u00e9cessitera la mise en place d&#8217;une cons\u00e9quente infrastructure d&#8217;accueil pour les milliers (rien de moins que \u00e7a !) de personnes que nous voulons voir signifier \u00e0 Cig\u00e9o que son installation ne sera pas et que l&#8217;opposition est plus d\u00e9termin\u00e9e et mobilis\u00e9e que jamais, avec des soutiens nombreux-ses ! <\/p>\n\n\n\n<p><\/p>\n\n\n\n<div id=\"ez-toc-container\" class=\"ez-toc-v2_0_74 counter-hierarchy ez-toc-counter ez-toc-grey ez-toc-container-direction\">\n<div class=\"ez-toc-title-container\">\n<p class=\"ez-toc-title\" style=\"cursor:inherit\">Table of Contents<\/p>\n<span class=\"ez-toc-title-toggle\"><a href=\"#\" class=\"ez-toc-pull-right ez-toc-btn ez-toc-btn-xs ez-toc-btn-default ez-toc-toggle\" aria-label=\"Toggle Table of Content\"><span class=\"ez-toc-js-icon-con\"><span class=\"\"><span class=\"eztoc-hide\" style=\"display:none;\">Toggle<\/span><span class=\"ez-toc-icon-toggle-span\"><svg style=\"fill: #999;color:#999\" xmlns=\"http:\/\/www.w3.org\/2000\/svg\" class=\"list-377408\" width=\"20px\" height=\"20px\" viewBox=\"0 0 24 24\" fill=\"none\"><path d=\"M6 6H4v2h2V6zm14 0H8v2h12V6zM4 11h2v2H4v-2zm16 0H8v2h12v-2zM4 16h2v2H4v-2zm16 0H8v2h12v-2z\" fill=\"currentColor\"><\/path><\/svg><svg style=\"fill: #999;color:#999\" class=\"arrow-unsorted-368013\" xmlns=\"http:\/\/www.w3.org\/2000\/svg\" width=\"10px\" height=\"10px\" viewBox=\"0 0 24 24\" version=\"1.2\" baseProfile=\"tiny\"><path d=\"M18.2 9.3l-6.2-6.3-6.2 6.3c-.2.2-.3.4-.3.7s.1.5.3.7c.2.2.4.3.7.3h11c.3 0 .5-.1.7-.3.2-.2.3-.5.3-.7s-.1-.5-.3-.7zM5.8 14.7l6.2 6.3 6.2-6.3c.2-.2.3-.5.3-.7s-.1-.5-.3-.7c-.2-.2-.4-.3-.7-.3h-11c-.3 0-.5.1-.7.3-.2.2-.3.5-.3.7s.1.5.3.7z\"\/><\/svg><\/span><\/span><\/span><\/a><\/span><\/div>\n<nav><ul class='ez-toc-list ez-toc-list-level-1 ' ><li class='ez-toc-page-1 ez-toc-heading-level-4'><a class=\"ez-toc-link ez-toc-heading-1\" href=\"https:\/\/manifbure.fr\/en\/nous-aider\/#Benevolat\" >B\u00e9n\u00e9volat<\/a><\/li><li class='ez-toc-page-1 ez-toc-heading-level-4'><a class=\"ez-toc-link ez-toc-heading-2\" href=\"https:\/\/manifbure.fr\/en\/nous-aider\/#Nous_aider_financierement\" >Nous aider financi\u00e8rement<\/a><\/li><li class='ez-toc-page-1 ez-toc-heading-level-4'><a class=\"ez-toc-link ez-toc-heading-3\" href=\"https:\/\/manifbure.fr\/en\/nous-aider\/#Informer_sur_la_lutte\" >Informer sur la lutte<\/a><\/li><\/ul><\/nav><\/div>\n<h4 class=\"wp-block-heading\"><span class=\"ez-toc-section\" id=\"Benevolat\"><\/span>B\u00e9n\u00e9volat<span class=\"ez-toc-section-end\"><\/span><\/h4>\n\n\n\n<p>Un formulaire de b\u00e9n\u00e9volat est accessible ici pour filer un coup de main : <a href=\"https:\/\/framaforms.org\/appel-a-benevoles-manif-bure-2025-1752564660\">https:\/\/framaforms.org\/appel-a-benevoles-manif-bure-2025-1752564660<\/a><\/p>\n\n\n\n<p>Pour aider vous pouvez \u00e9galement vous rendre directement sur place. Il sera possible sur place d&#8217;aider au montage (du mercredi 17 septembre au jeudi 18 septembre) et de vous inscrire aux diff\u00e9rentes t\u00e2ches d&#8217;autogestion pour que tout se passe bien (t\u00e2ches de d\u00e9coupe de l\u00e9gumes, de vaisselle, d&#8217;hygi\u00e8ne, de navettes, etc.)<\/p>\n\n\n\n<h4 class=\"wp-block-heading\"><span class=\"ez-toc-section\" id=\"Nous_aider_financierement\"><\/span>Nous aider financi\u00e8rement<span class=\"ez-toc-section-end\"><\/span><\/h4>\n\n\n\n<p>La mobilisation sera d&#8217;autant plus belle et forte que nous nous donnerons les moyens de nos attentes. Notamment nous voulons pouvoir accueillir tout le monde dans les meilleures conditions (camping, cantines, infrastructures de pl\u00e9ni\u00e8res, etc.) <\/p>\n\n\n\n<p>Mais tout \u00e7a a \u00e9videmment un co\u00fbt et plus nous aurons re\u00e7u de soutien en amont, plus nous pourrons nous sentir \u00e0 l&#8217;aise dans l&#8217;organisation de ce moment que nous voulons symboliquement beau et puissant. <\/p>\n\n\n\n<p>Si vous voulez nous aider \u00e0 organiser des soir\u00e9es de soutien, \u00e0 r\u00e9colter de l&#8217;argent, \u00e7a serait super ! N&#8217;h\u00e9sitez pas \u00e0 nous contacter pour \u00e7a sur manifbure @ riseup.net <\/p>\n\n\n\n<p>Et sinon il y a notre cagnotte ici : <a href=\"https:\/\/www.helloasso.com\/associations\/association-des-elu-e-s-oppose-e-s-a-l-enfouissement-des-dechets-radioactifs\/collectes\/soutenir-la-manif-du-futur\">https:\/\/www.helloasso.com\/associations\/association-des-elu-e-s-oppose-e-s-a-l-enfouissement-des-dechets-radioactifs\/collectes\/soutenir-la-manif-du-futur<\/a><\/p>\n\n\n\n<p>Aidez-nous \u00e0 la relayer largement \ud83d\ude42 ! <\/p>\n\n\n\n<p><\/p>\n\n\n\n<h4 class=\"wp-block-heading\"><span class=\"ez-toc-section\" id=\"Informer_sur_la_lutte\"><\/span>Informer sur la lutte<span class=\"ez-toc-section-end\"><\/span><\/h4>\n\n\n\n<p>Vous pouvez aussi faire conna\u00eetre la lutte, les enjeux importants de cette manifestation en organisant des moments d&#8217;information (soir\u00e9es de pr\u00e9sentation, de discussion, de projection), des tractages, des affichages.<\/p>\n\n\n\n<p>Vous trouverez des ressources d&#8217;information sur la lutte sur le site <a href=\"https:\/\/bureburebure.info\/\">bureburebure.info<\/a> notamment dans l&#8217;onglet &#8220;bo\u00eete \u00e0 outils&#8221;.<\/p>\n\n\n\n<p>Sinon vous pouvez aussi nous \u00e9crire sur manifbure @ riseup.net pour nous inviter \u00e0 des soir\u00e9es d&#8217;information. <\/p>\n\n\n\n<p>Enfin, pour l&#8217;affichage et le tractage, nous vous proposons d&#8217;organiser des caravanes d&#8217;affichage : toutes les informations pour commander des affiches, des stickers, des flyers, c&#8217;est par ici  <a href=\"https:\/\/manifbure.fr\/2025\/06\/20\/campagne-caravanes-daffichage\/\">https:\/\/manifbure.fr\/2025\/06\/20\/campagne-caravanes-daffichage\/<\/a> <\/p>\n\n\n\n<p><\/p>\n","protected":false},"excerpt":{"rendered":"<p>Septembre sera un mois intense et d\u00e9terminant pour la lutte \u00e0 Bure : un campement infini s&#8217;\u00e9tablira \u00e0 l&#8217;ancienne Gare de Lum\u00e9ville, menac\u00e9e d&#8217;expulsion, d\u00e8s le d\u00e9but du mois. &#8220;Septembre infini&#8221; a d&#8217;ores et d\u00e9j\u00e0 lanc\u00e9 plusieurs appels pour solliciter des coups de main. La manifestation, quant \u00e0 elle, mobilisera une seconde logistique, ind\u00e9pendante \u00e0 [&hellip;]<\/p>\n","protected":false},"author":1,"featured_media":0,"parent":0,"menu_order":0,"comment_status":"closed","ping_status":"closed","template":"","meta":{"saved_in_kubio":false,"footnotes":""},"class_list":["post-416","page","type-page","status-publish","hentry"],"kubio_ai_page_context":{"short_desc":"","purpose":"general"},"yoast_head":"<!-- This site is optimized with the Yoast SEO plugin v25.3.1 - https:\/\/yoast.com\/wordpress\/plugins\/seo\/ -->\n<title>Nous aider<\/title>\n<meta name=\"robots\" content=\"index, follow, max-snippet:-1, max-image-preview:large, max-video-preview:-1\" \/>\n<link rel=\"canonical\" href=\"https:\/\/manifbure.fr\/en\/nous-aider\/\" \/>\n<meta property=\"og:locale\" content=\"en_GB\" \/>\n<meta property=\"og:locale:alternate\" content=\"fr_FR\" \/>\n<meta property=\"og:locale:alternate\" content=\"de_DE\" \/>\n<meta property=\"og:locale:alternate\" content=\"es_ES\" \/>\n<meta property=\"og:locale:alternate\" content=\"it_IT\" \/>\n<meta property=\"og:type\" content=\"article\" \/>\n<meta property=\"og:title\" content=\"Nous aider\" \/>\n<meta property=\"og:description\" content=\"Septembre sera un mois intense et d\u00e9terminant pour la lutte \u00e0 Bure : un campement infini s&#8217;\u00e9tablira \u00e0 l&#8217;ancienne Gare de Lum\u00e9ville, menac\u00e9e d&#8217;expulsion, d\u00e8s le d\u00e9but du mois. &#8220;Septembre infini&#8221; a d&#8217;ores et d\u00e9j\u00e0 lanc\u00e9 plusieurs appels pour solliciter des coups de main. La manifestation, quant \u00e0 elle, mobilisera une seconde logistique, ind\u00e9pendante \u00e0 [&hellip;]\" \/>\n<meta property=\"og:url\" content=\"https:\/\/manifbure.fr\/en\/nous-aider\/\" \/>\n<meta property=\"og:site_name\" content=\"La Manif du Futur\" \/>\n<meta property=\"article:publisher\" content=\"https:\/\/www.facebook.com\/bureacuire2\/\" \/>\n<meta property=\"article:modified_time\" content=\"2025-09-16T22:57:57+00:00\" \/>\n<meta name=\"twitter:card\" content=\"summary_large_image\" \/>\n<meta name=\"twitter:site\" content=\"@BUREaCuire\" \/>\n<meta name=\"twitter:label1\" content=\"Estimated reading time\" \/>\n\t<meta name=\"twitter:data1\" content=\"3 minutes\" \/>\n<script type=\"application\/ld+json\" class=\"yoast-schema-graph\">{\"@context\":\"https:\/\/schema.org\",\"@graph\":[{\"@type\":\"WebPage\",\"@id\":\"https:\/\/manifbure.fr\/nous-aider\/\",\"url\":\"https:\/\/manifbure.fr\/nous-aider\/\",\"name\":\"Nous aider\",\"isPartOf\":{\"@id\":\"https:\/\/manifbure.fr\/#website\"},\"datePublished\":\"2025-07-17T16:49:05+00:00\",\"dateModified\":\"2025-09-16T22:57:57+00:00\",\"breadcrumb\":{\"@id\":\"https:\/\/manifbure.fr\/nous-aider\/#breadcrumb\"},\"inLanguage\":\"en-GB\",\"potentialAction\":[{\"@type\":\"ReadAction\",\"target\":[\"https:\/\/manifbure.fr\/nous-aider\/\"]}]},{\"@type\":\"BreadcrumbList\",\"@id\":\"https:\/\/manifbure.fr\/nous-aider\/#breadcrumb\",\"itemListElement\":[{\"@type\":\"ListItem\",\"position\":1,\"name\":\"Accueil\",\"item\":\"https:\/\/manifbure.fr\/de\/\"},{\"@type\":\"ListItem\",\"position\":2,\"name\":\"Nous aider\"}]},{\"@type\":\"WebSite\",\"@id\":\"https:\/\/manifbure.fr\/#website\",\"url\":\"https:\/\/manifbure.fr\/\",\"name\":\"La Manif du Futur\",\"description\":\"\",\"publisher\":{\"@id\":\"https:\/\/manifbure.fr\/#organization\"},\"potentialAction\":[{\"@type\":\"SearchAction\",\"target\":{\"@type\":\"EntryPoint\",\"urlTemplate\":\"https:\/\/manifbure.fr\/?s={search_term_string}\"},\"query-input\":{\"@type\":\"PropertyValueSpecification\",\"valueRequired\":true,\"valueName\":\"search_term_string\"}}],\"inLanguage\":\"en-GB\"},{\"@type\":\"Organization\",\"@id\":\"https:\/\/manifbure.fr\/#organization\",\"name\":\"La Manif du Futur\",\"url\":\"https:\/\/manifbure.fr\/\",\"logo\":{\"@type\":\"ImageObject\",\"inLanguage\":\"en-GB\",\"@id\":\"https:\/\/manifbure.fr\/#\/schema\/logo\/image\/\",\"url\":\"https:\/\/manifbure.fr\/wp-content\/uploads\/2025\/05\/cropped-illus.png\",\"contentUrl\":\"https:\/\/manifbure.fr\/wp-content\/uploads\/2025\/05\/cropped-illus.png\",\"width\":960,\"height\":895,\"caption\":\"La Manif du Futur\"},\"image\":{\"@id\":\"https:\/\/manifbure.fr\/#\/schema\/logo\/image\/\"},\"sameAs\":[\"https:\/\/www.facebook.com\/bureacuire2\/\",\"https:\/\/x.com\/BUREaCuire\",\"https:\/\/www.instagram.com\/bureacuire_\/\"]}]}<\/script>\n<!-- \/ Yoast SEO plugin. -->","yoast_head_json":{"title":"Nous aider","robots":{"index":"index","follow":"follow","max-snippet":"max-snippet:-1","max-image-preview":"max-image-preview:large","max-video-preview":"max-video-preview:-1"},"canonical":"https:\/\/manifbure.fr\/en\/nous-aider\/","og_locale":"en_GB","og_type":"article","og_title":"[:fr]Nous aider[:de]Uns helfen[:] - La Manif du Futur","og_description":"Septembre sera un mois intense et d\u00e9terminant pour la lutte \u00e0 Bure : un campement infini s&#8217;\u00e9tablira \u00e0 l&#8217;ancienne Gare de Lum\u00e9ville, menac\u00e9e d&#8217;expulsion, d\u00e8s le d\u00e9but du mois. &#8220;Septembre infini&#8221; a d&#8217;ores et d\u00e9j\u00e0 lanc\u00e9 plusieurs appels pour solliciter des coups de main. La manifestation, quant \u00e0 elle, mobilisera une seconde logistique, ind\u00e9pendante \u00e0 [&hellip;]","og_url":"https:\/\/manifbure.fr\/en\/nous-aider\/","og_site_name":"La Manif du Futur","article_publisher":"https:\/\/www.facebook.com\/bureacuire2\/","article_modified_time":"2025-09-16T22:57:57+00:00","twitter_card":"summary_large_image","twitter_site":"@BUREaCuire","twitter_misc":{"Estimated reading time":"3 minutes"},"schema":{"@context":"https:\/\/schema.org","@graph":[{"@type":"WebPage","@id":"https:\/\/manifbure.fr\/nous-aider\/","url":"https:\/\/manifbure.fr\/nous-aider\/","name":"Nous aider","isPartOf":{"@id":"https:\/\/manifbure.fr\/#website"},"datePublished":"2025-07-17T16:49:05+00:00","dateModified":"2025-09-16T22:57:57+00:00","breadcrumb":{"@id":"https:\/\/manifbure.fr\/nous-aider\/#breadcrumb"},"inLanguage":"en-GB","potentialAction":[{"@type":"ReadAction","target":["https:\/\/manifbure.fr\/nous-aider\/"]}]},{"@type":"BreadcrumbList","@id":"https:\/\/manifbure.fr\/nous-aider\/#breadcrumb","itemListElement":[{"@type":"ListItem","position":1,"name":"Accueil","item":"https:\/\/manifbure.fr\/de\/"},{"@type":"ListItem","position":2,"name":"Nous aider"}]},{"@type":"WebSite","@id":"https:\/\/manifbure.fr\/#website","url":"https:\/\/manifbure.fr\/","name":"La Manif du Futur","description":"","publisher":{"@id":"https:\/\/manifbure.fr\/#organization"},"potentialAction":[{"@type":"SearchAction","target":{"@type":"EntryPoint","urlTemplate":"https:\/\/manifbure.fr\/?s={search_term_string}"},"query-input":{"@type":"PropertyValueSpecification","valueRequired":true,"valueName":"search_term_string"}}],"inLanguage":"en-GB"},{"@type":"Organization","@id":"https:\/\/manifbure.fr\/#organization","name":"La Manif du Futur","url":"https:\/\/manifbure.fr\/","logo":{"@type":"ImageObject","inLanguage":"en-GB","@id":"https:\/\/manifbure.fr\/#\/schema\/logo\/image\/","url":"https:\/\/manifbure.fr\/wp-content\/uploads\/2025\/05\/cropped-illus.png","contentUrl":"https:\/\/manifbure.fr\/wp-content\/uploads\/2025\/05\/cropped-illus.png","width":960,"height":895,"caption":"La Manif du Futur"},"image":{"@id":"https:\/\/manifbure.fr\/#\/schema\/logo\/image\/"},"sameAs":["https:\/\/www.facebook.com\/bureacuire2\/","https:\/\/x.com\/BUREaCuire","https:\/\/www.instagram.com\/bureacuire_\/"]}]}},"_links":{"self":[{"href":"https:\/\/manifbure.fr\/en\/wp-json\/wp\/v2\/pages\/416","targetHints":{"allow":["GET"]}}],"collection":[{"href":"https:\/\/manifbure.fr\/en\/wp-json\/wp\/v2\/pages"}],"about":[{"href":"https:\/\/manifbure.fr\/en\/wp-json\/wp\/v2\/types\/page"}],"author":[{"embeddable":true,"href":"https:\/\/manifbure.fr\/en\/wp-json\/wp\/v2\/users\/1"}],"replies":[{"embeddable":true,"href":"https:\/\/manifbure.fr\/en\/wp-json\/wp\/v2\/comments?post=416"}],"version-history":[{"count":5,"href":"https:\/\/manifbure.fr\/en\/wp-json\/wp\/v2\/pages\/416\/revisions"}],"predecessor-version":[{"id":701,"href":"https:\/\/manifbure.fr\/en\/wp-json\/wp\/v2\/pages\/416\/revisions\/701"}],"wp:attachment":[{"href":"https:\/\/manifbure.fr\/en\/wp-json\/wp\/v2\/media?parent=416"}],"curies":[{"name":"wp","href":"https:\/\/api.w.org\/{rel}","templated":true}]}}