{"id":580,"date":"2025-08-21T21:46:56","date_gmt":"2025-08-21T19:46:56","guid":{"rendered":"https:\/\/manifbure.fr\/?page_id=580"},"modified":"2025-09-19T18:41:34","modified_gmt":"2025-09-19T16:41:34","slug":"toutes-les-infos-pratiques","status":"publish","type":"page","link":"https:\/\/manifbure.fr\/de\/toutes-les-infos-pratiques\/","title":{"rendered":"Alle praktische infos !"},"content":{"rendered":"\n\n\n<p><strong>Wo genau findet es statt?<\/strong> In Bure in der Meuse! Der Zugang zum Versammlungsort und zu den Zeltpl\u00e4tzen wird sp\u00e4ter auf dieser Seite bekannt gegeben.<\/p>\n\n\n\n<p><strong>Mit dem Bus:<\/strong><\/p>\n\n\n\n<p>Es werden Busse von mehreren Orten in Frankreich aus organisiert. Ihr k\u00f6nnt euch an die Organisatoren wenden oder selbst einen einrichten. Alle Informationen gibt es hier: <a href=\"https:\/\/manifbure.fr\/2025\/08\/21\/%25f0%259f%259a%258d-des-bus-des-bus-de-partout-pour-la-manif\/\" target=\"_blank\" rel=\"noreferrer noopener\">https:\/\/manifbure.fr\/2025\/08\/21\/%f0%9f%9a%8d-des-bus-des-bus-de-partout-pour-la-manif\/<\/a><\/p>\n\n\n\n<div id=\"ez-toc-container\" class=\"ez-toc-v2_0_74 counter-hierarchy ez-toc-counter ez-toc-grey ez-toc-container-direction\">\n<div class=\"ez-toc-title-container\">\n<p class=\"ez-toc-title\" style=\"cursor:inherit\">Table of Contents<\/p>\n<span class=\"ez-toc-title-toggle\"><a href=\"#\" class=\"ez-toc-pull-right ez-toc-btn ez-toc-btn-xs ez-toc-btn-default ez-toc-toggle\" aria-label=\"Toggle Table of Content\"><span class=\"ez-toc-js-icon-con\"><span class=\"\"><span class=\"eztoc-hide\" style=\"display:none;\">Toggle<\/span><span class=\"ez-toc-icon-toggle-span\"><svg style=\"fill: #999;color:#999\" xmlns=\"http:\/\/www.w3.org\/2000\/svg\" class=\"list-377408\" width=\"20px\" height=\"20px\" viewBox=\"0 0 24 24\" fill=\"none\"><path d=\"M6 6H4v2h2V6zm14 0H8v2h12V6zM4 11h2v2H4v-2zm16 0H8v2h12v-2zM4 16h2v2H4v-2zm16 0H8v2h12v-2z\" fill=\"currentColor\"><\/path><\/svg><svg style=\"fill: #999;color:#999\" class=\"arrow-unsorted-368013\" xmlns=\"http:\/\/www.w3.org\/2000\/svg\" width=\"10px\" height=\"10px\" viewBox=\"0 0 24 24\" version=\"1.2\" baseProfile=\"tiny\"><path d=\"M18.2 9.3l-6.2-6.3-6.2 6.3c-.2.2-.3.4-.3.7s.1.5.3.7c.2.2.4.3.7.3h11c.3 0 .5-.1.7-.3.2-.2.3-.5.3-.7s-.1-.5-.3-.7zM5.8 14.7l6.2 6.3 6.2-6.3c.2-.2.3-.5.3-.7s-.1-.5-.3-.7c-.2-.2-.4-.3-.7-.3h-11c-.3 0-.5.1-.7.3-.2.2-.3.5-.3.7s.1.5.3.7z\"\/><\/svg><\/span><\/span><\/span><\/a><\/span><\/div>\n<nav><ul class='ez-toc-list ez-toc-list-level-1 ' ><ul class='ez-toc-list-level-4' ><li class='ez-toc-heading-level-4'><a class=\"ez-toc-link ez-toc-heading-1\" href=\"https:\/\/manifbure.fr\/de\/toutes-les-infos-pratiques\/#Per_Anhalter\" >Per Anhalter:<\/a><\/li><li class='ez-toc-page-1 ez-toc-heading-level-4'><a class=\"ez-toc-link ez-toc-heading-2\" href=\"https:\/\/manifbure.fr\/de\/toutes-les-infos-pratiques\/#Mit_dem_Auto\" >Mit dem Auto:<\/a><\/li><li class='ez-toc-page-1 ez-toc-heading-level-4'><a class=\"ez-toc-link ez-toc-heading-3\" href=\"https:\/\/manifbure.fr\/de\/toutes-les-infos-pratiques\/#Mitfahrgelegenheit\" >Mitfahrgelegenheit :<\/a><\/li><li class='ez-toc-page-1 ez-toc-heading-level-4'><a class=\"ez-toc-link ez-toc-heading-4\" href=\"https:\/\/manifbure.fr\/de\/toutes-les-infos-pratiques\/#Mit_der_Bahn\" >Mit der Bahn:<\/a><\/li><\/ul><\/li><li class='ez-toc-page-1 ez-toc-heading-level-3'><a class=\"ez-toc-link ez-toc-heading-5\" href=\"https:\/\/manifbure.fr\/de\/toutes-les-infos-pratiques\/#Unterkunft\" >Unterkunft<\/a><\/li><li class='ez-toc-page-1 ez-toc-heading-level-3'><a class=\"ez-toc-link ez-toc-heading-6\" href=\"https:\/\/manifbure.fr\/de\/toutes-les-infos-pratiques\/#Kinderbetreuung\" >Kinderbetreuung<\/a><\/li><li class='ez-toc-page-1 ez-toc-heading-level-3'><a class=\"ez-toc-link ez-toc-heading-7\" href=\"https:\/\/manifbure.fr\/de\/toutes-les-infos-pratiques\/#Empfang_fuer_Menschen_mit_eingeschraenkter_Mobilitaet\" >Empfang f\u00fcr Menschen mit eingeschr\u00e4nkter Mobilit\u00e4t<\/a><\/li><li class='ez-toc-page-1 ez-toc-heading-level-3'><a class=\"ez-toc-link ez-toc-heading-8\" href=\"https:\/\/manifbure.fr\/de\/toutes-les-infos-pratiques\/#Internationaler_Empfang\" >Internationaler Empfang<\/a><\/li><\/ul><\/nav><\/div>\n<h4 class=\"wp-block-heading\"><span class=\"ez-toc-section\" id=\"Per_Anhalter\"><\/span><strong>Per Anhalter:<\/strong><span class=\"ez-toc-section-end\"><\/span><\/h4>\n\n\n\n<p><strong>Um aus Joinville per Anhalter zu kommen:<\/strong> Stellt euch an der Ausfahrt am Kreisverkehr von Thonnance-L\u00e8s-Joinville auf, Richtung Laboratoire Andra (D\u00f6rfer auf der Strecke: Montreuil sur Thonnance \/ Saudron), dann weiter nach Bure oder Mandres-en-Barrois.<\/p>\n\n\n\n<p><strong>Um aus Paris per Anhalter zu kommen:<\/strong> Richtung Nancy \u00fcber die N4, dann Saint-Dizier (oder \u00fcber die Autobahn, die nach Reims f\u00fchrt, Ausfahrt Chalon, oder \u00fcber Troyes, Ausfahrt Chaumont). Entweder \u00fcber Joinville (siehe oben) oder \u00fcber Ligny-en-Barrois und dann runter nach Longeaux, H\u00e9villiers, Biencourt, Ribeaucourt, Bure (dann Mandres-en-Barrois).<\/p>\n\n\n\n<p><strong>Um aus Nancy per Anhalter zu kommen:<\/strong> Stellt euch in Laxou gegen\u00fcber dem McDonald&#8217;s auf, Richtung Toul, dann Paris \u00fcber die N4 bis Void-Vacon, dann runter nach Sauvoy, Mauvages, Delouze, Houdelaincourt, Bonnet, Mandres-en-Barrois, Bure.<\/p>\n\n\n\n<p>Solltet ihr irgendwo strandern (denn je n\u00e4her man Bure kommt, desto weniger Autos gibt es), vergesst nicht, die Nummer des Shuttledienstes zu w\u00e4hlen, man kann euch abholen: <strong>[Nummer folgt]<\/strong> (Wenn niemand rangeht, versucht es sp\u00e4ter noch einmal). Es ist viel besser, eure Ankunft per Anhalter vorher anzuk\u00fcndigen.<\/p>\n\n\n\n<h4 class=\"wp-block-heading\"><span class=\"ez-toc-section\" id=\"Mit_dem_Auto\"><\/span><strong>Mit dem Auto:<\/strong><span class=\"ez-toc-section-end\"><\/span><\/h4>\n\n\n\n<p><strong>Von S\u00fcden (\u00fcber Lyon\/Dijon):<\/strong> Nach Chaumont, dann Joinville (Ausfahrt Joinville Est auf der N67), dann der D60 Richtung Vaucouleurs folgen. Beim Verlassen von Saudron links abbiegen Richtung Bure oder geradeaus weiter Richtung Mandres-en-Barrois.<\/p>\n\n\n\n<p><strong>Von Westen (\u00fcber Paris):<\/strong> Nach Saint-Dizier auf der N4, dann Richtung Chaumont\/Joinville auf der N67 (Ausfahrt Chevillon), dann Chevillon, Montiers-sur-Saulx, Bure (dann Mandres-en-Barrois) folgen.<\/p>\n\n\n\n<p><strong>Von Osten (\u00fcber Nancy):<\/strong> Nach Toul\/Paris \u00fcber die N4, bei Void-Vacon abfahren, Sauvoy, dann Houdelaincourt, Mandres-en-Barrois und Bure folgen.<\/p>\n\n\n<div class='wpgmza_map_wrapper'><div id=\"wpgmza_map_block_1\" class=\"wpgmza_map wpgmza_standalone_map_block wpgmza-auto-center\" style=\"display:block;width:100%;height:400px;overflow:hidden;position:relative;\" data-maps-engine=\"open-layers\" data-build-engine=\"standalone-block\" data-icon=\"https:\/\/manifbure.fr\/wp-content\/plugins\/wp-go-maps-block\/images\/icon.png\" data-lat=\"48.5041154\" data-lng=\"5.3567737\" data-zoom=\"9\" data-address=\"Bure, Bar-le-Duc, Meuse, Grand Est, France m\u00e9tropolitaine, 55290, France\" data-infowindow-mode=\"click\" ><\/div><\/div>\n\n\n<h4 class=\"wp-block-heading\"><span class=\"ez-toc-section\" id=\"Mitfahrgelegenheit\"><\/span><strong>Mitfahrgelegenheit :<\/strong><span class=\"ez-toc-section-end\"><\/span><\/h4>\n\n\n\n<p>Ja, es gibt eine Alternative zu Blablacar, die mit deinen Fahrten spekuliert. Du kannst versuchen, \u00fcber Mobicoop zu gehen, eine freie Mitfahrzentrale, um Fahrten anzubieten \/ zu schauen, ob es welche gibt:<\/p>\n\n\n\n<p><a href=\"https:\/\/www.mobicoop.fr\">https:\/\/www.mobicoop.fr<\/a><\/p>\n\n\n\n<p>Man kann auch schauen:<\/p>\n\n\n\n<ul class=\"wp-block-list\">\n<li>Mitfahrgelegenheiten nach Bure: <a href=\"https:\/\/www.mobicoop.fr\/communes\/covoiturages\/\" target=\"_blank\" rel=\"noreferrer noopener\">https:\/\/www.mobicoop.fr\/communes\/covoiturages\/<\/a>*\/bure<\/li>\n\n\n\n<li>Mitfahrgelegenheiten ab Bure: <a href=\"https:\/\/www.mobicoop.fr\/communes\/covoiturages\/bure\" target=\"_blank\" rel=\"noreferrer noopener\">https:\/\/www.mobicoop.fr\/communes\/covoiturages\/bure<\/a><\/li>\n<\/ul>\n\n\n\n<p>Ansonsten k\u00f6nnt ihr der Signal-Gruppe f\u00fcr Mitfahrgelegenheiten zur Veranstaltung beitreten. Gebt dabei unbedingt Datum, Uhrzeit, den\/die Ort(e) an, von dem\/denen ihr wegwollt\/k\u00f6nntet, und ob ihr Pl\u00e4tze anbietet oder sucht und wie viele: <a href=\"https:\/\/signal.group\/#CjQKIIHXK45ef2HZkAZ-odqo2jvj6nOpPc_6OM5yHXzY5800EhC7DGKguxYqGE-340EepkYM\" target=\"_blank\" rel=\"noreferrer noopener\">https:\/\/signal.group\/#CjQKIIHXK45ef2HZkAZ-odqo2jvj6nOpPc_6OM5yHXzY5800EhC7DGKguxYqGE-340EepkYM<\/a><\/p>\n\n\n\n<h4 class=\"wp-block-heading\"><span class=\"ez-toc-section\" id=\"Mit_der_Bahn\"><\/span><strong>Mit der Bahn:<\/strong><span class=\"ez-toc-section-end\"><\/span><\/h4>\n\n\n\n<p>Die n\u00e4chstgelegenen Bahnh\u00f6fe sind Joinville (20 km), Bar-le-Duc (35 km), Saint-Dizier (40 km), Pagny-sur-Meuse (40 km).<\/p>\n\n\n\n<p>Wenn du in Bar-le-Duc ankommst, gibt es einen Bus nach Ligny-en-Barrois (20 km). Achtung, sehr wenige Busse am Sonntag! Um die Busfahrpl\u00e4ne zu sehen, siehe Linie 1 auf der Website: <a href=\"https:\/\/www.bus-tub.com\/lignes-urbaines\/\" target=\"_blank\" rel=\"noreferrer noopener\">https:\/\/www.bus-tub.com\/lignes-urbaines\/<\/a><\/p>\n\n\n\n<p>Ruft im Voraus an, wenn ihr m\u00f6chtet, dass wir euch vom Bahnhof abholen, um zu kl\u00e4ren, ob jemand verf\u00fcgbar ist, oder um zum Beispiel Fahrten planen zu k\u00f6nnen.<\/p>\n\n\n\n<p>Z\u00f6gert nicht, uns unter <a href=\"https:\/\/mailto:manifbure@riseup.net\" target=\"_blank\" rel=\"noreferrer noopener\">manifbure@riseup.net<\/a> f\u00fcr weitere Informationen zu kontaktieren.<\/p>\n\n\n\n<h3 class=\"wp-block-heading\"><span class=\"ez-toc-section\" id=\"Unterkunft\"><\/span><strong>Unterkunft<\/strong><span class=\"ez-toc-section-end\"><\/span><\/h3>\n\n\n\n<p>Ein Zeltplatz ist auf dem Feld eines befreundeten Landwirts geplant. Wenn ihr jedoch besondere Bed\u00fcrfnisse habt, k\u00f6nnt ihr dieses Formular ausf\u00fcllen:<\/p>\n\n\n\n<p><a href=\"https:\/\/framaforms.org\/besoin-dhebergement-specifique-manif-du-futur-bure-1754357002\">https:\/\/framaforms.org\/besoin-dhebergement-specifique-manif-du-futur-bure-1754357002<\/a><\/p>\n\n\n\n<p>Es werden mehrere Zeltpl\u00e4tze eingerichtet, die verschiedenen marginalisierten Personengruppen vorbehalten sind (und auf den Pl\u00e4nen sowie mit umfassenden Informationen am Empfangspunkt des Versammlungsortes gekennzeichnet).<\/p>\n\n\n\n<p>Z\u00f6gert nicht, uns unter <a href=\"https:\/\/mailto:manifbure@riseup.net\" target=\"_blank\" rel=\"noreferrer noopener\">manifbure@riseup.net<\/a> f\u00fcr weitere Informationen zu kontaktieren.<\/p>\n\n\n\n<h3 class=\"wp-block-heading\"><span class=\"ez-toc-section\" id=\"Kinderbetreuung\"><\/span><strong>Kinderbetreuung<\/strong><span class=\"ez-toc-section-end\"><\/span><\/h3>\n\n\n\n<p><strong>\ud83e\uddf8 Eine selbstverwaltete Kinderbetreuung wird f\u00fcr die Zeit der &#8222;Manif&#8216; du futur&#8220; gegen das atomare Endlager in Bure organisiert.<\/strong><\/p>\n\n\n\n<p>Lese-, Spiel-, Bastel- und Schminkbereiche, ein Ruhebereich etc., die von einem Team von Betreuer*innen eingerichtet werden, befinden sich abseits der Demonstration in einem Haus in der N\u00e4he.<\/p>\n\n\n\n<p>Da wir unterhaltsames Material f\u00fcr alle Altersgruppen haben, m\u00f6chten wir den anwesenden Kindern einen friedlichen und einladenden Ort am Rande der Demo bieten.<\/p>\n\n\n\n<p>Eltern k\u00f6nnen ihre Kinder so lange bei uns lassen, wie sie f\u00fcr ihr Engagement bei der Demo ben\u00f6tigen, oder bei uns bleiben, wenn sie das bevorzugen.<\/p>\n\n\n\n<p>Wir \u00fcberlassen es euch, das Mittagessen vorzubereiten, und wir bieten den Nachmittagssnack an.<\/p>\n\n\n\n<p>Die Kinderbetreuung der Zukunft ist also kostenlos und von 13 bis 18 Uhr ge\u00f6ffnet!<\/p>\n\n\n\n<p>Z\u00f6gert nicht, vorbeizukommen, eure Kinder abzugeben oder eine spielerische Zeit mit ihnen zu verbringen.<\/p>\n\n\n\n<p>Mehr Informationen vor Ort!<\/p>\n\n\n\n<p>Z\u00f6gert nicht, uns unter <a href=\"https:\/\/mailto:manifbure@riseup.net\" target=\"_blank\" rel=\"noreferrer noopener\">manifbure@riseup.net<\/a> f\u00fcr weitere Informationen zu kontaktieren.<\/p>\n\n\n\n<p><\/p>\n\n\n\n<h3 class=\"wp-block-heading\"><span class=\"ez-toc-section\" id=\"Empfang_fuer_Menschen_mit_eingeschraenkter_Mobilitaet\"><\/span><strong>Empfang f\u00fcr Menschen mit eingeschr\u00e4nkter Mobilit\u00e4t<\/strong><span class=\"ez-toc-section-end\"><\/span><\/h3>\n\n\n\n<p>Am Info-\/Empfangspunkt am Versammlungsort richten wir einen speziellen Empfang f\u00fcr Menschen mit eingeschr\u00e4nkter Mobilit\u00e4t ein, insbesondere f\u00fcr die Wegeleitung zu den Parkpl\u00e4tzen, Zeltpl\u00e4tzen und reservierten Unterk\u00fcnften.<\/p>\n\n\n\n<p>Ein Plan der Zug\u00e4nge und barrierefreien Einrichtungen wird in K\u00fcrze auf dieser Seite ver\u00f6ffentlicht.<\/p>\n\n\n\n<p>Dar\u00fcber hinaus werden wir besonders darauf achten, die Demonstration und Mobilisierung so zu gestalten, dass sie f\u00fcr Menschen mit eingeschr\u00e4nkter Mobilit\u00e4t zug\u00e4nglich und inklusiv ist.<\/p>\n\n\n\n<p>Z\u00f6gert nicht, uns unter <a href=\"https:\/\/mailto:manifbure@riseup.net\" target=\"_blank\" rel=\"noreferrer noopener\">manifbure@riseup.net<\/a> f\u00fcr weitere Informationen zu kontaktieren.<\/p>\n\n\n\n<p><\/p>\n\n\n\n<h3 class=\"wp-block-heading\"><span class=\"ez-toc-section\" id=\"Internationaler_Empfang\"><\/span><strong>Internationaler Empfang<\/strong><span class=\"ez-toc-section-end\"><\/span><\/h3>\n\n\n\n<p>Am Empfangspunkt werden Personen anwesend sein, die sich speziell um nicht-franz\u00f6sischsprachige Personen k\u00fcmmern, um ihnen alle notwendigen Informationen f\u00fcr ihre Orientierung und das Verst\u00e4ndnis der rechtlichen, praktischen und politischen Aspekte der Mobilisierung zu geben.<\/p>\n\n\n\n<p>Dokumentation wird \u00fcbersetzt und am Empfangspunkt zur Verf\u00fcgung gestellt und ausgeh\u00e4ngt.<\/p>\n\n\n\n<p>Z\u00f6gert nicht, uns unter <a href=\"https:\/\/mailto:manifbure@riseup.net\" target=\"_blank\" rel=\"noreferrer noopener\">manifbure@riseup.net<\/a> f\u00fcr weitere Informationen zu kontaktieren.<\/p>\n\n\n\n<hr class=\"wp-block-separator has-alpha-channel-opacity\"\/>\n\n\n\n<p>New chatAI-generated, for reference only<\/p>\n\n\n\n<p><\/p>\n","protected":false},"excerpt":{"rendered":"<p>Wo genau findet es statt? In Bure in der Meuse! Der Zugang zum Versammlungsort und zu den Zeltpl\u00e4tzen wird sp\u00e4ter auf dieser Seite bekannt gegeben. Mit dem Bus: Es werden Busse von mehreren Orten in Frankreich aus organisiert. Ihr k\u00f6nnt euch an die Organisatoren wenden oder selbst einen einrichten. Alle Informationen gibt es hier: https:\/\/manifbure.fr\/2025\/08\/21\/%f0%9f%9a%8d-des-bus-des-bus-de-partout-pour-la-manif\/ [&hellip;]<\/p>\n","protected":false},"author":1,"featured_media":0,"parent":0,"menu_order":0,"comment_status":"closed","ping_status":"closed","template":"","meta":{"saved_in_kubio":true,"footnotes":""},"class_list":["post-580","page","type-page","status-publish","hentry"],"kubio_ai_page_context":{"short_desc":"","purpose":"general"},"yoast_head":"<!-- This site is optimized with the Yoast SEO plugin v25.3.1 - https:\/\/yoast.com\/wordpress\/plugins\/seo\/ -->\n<title>Alle praktische infos !<\/title>\n<meta name=\"robots\" content=\"index, follow, max-snippet:-1, max-image-preview:large, max-video-preview:-1\" \/>\n<link rel=\"canonical\" href=\"https:\/\/manifbure.fr\/de\/toutes-les-infos-pratiques\/\" \/>\n<meta property=\"og:locale\" content=\"de_DE\" \/>\n<meta property=\"og:locale:alternate\" content=\"fr_FR\" \/>\n<meta property=\"og:locale:alternate\" content=\"en_UK\" \/>\n<meta property=\"og:locale:alternate\" content=\"es_ES\" \/>\n<meta property=\"og:locale:alternate\" content=\"it_IT\" \/>\n<meta property=\"og:type\" content=\"article\" \/>\n<meta property=\"og:title\" content=\"Alle praktische infos !\" \/>\n<meta property=\"og:description\" content=\"Wo genau findet es statt? In Bure in der Meuse! Der Zugang zum Versammlungsort und zu den Zeltpl\u00e4tzen wird sp\u00e4ter auf dieser Seite bekannt gegeben. Mit dem Bus: Es werden Busse von mehreren Orten in Frankreich aus organisiert. Ihr k\u00f6nnt euch an die Organisatoren wenden oder selbst einen einrichten. Alle Informationen gibt es hier: https:\/\/manifbure.fr\/2025\/08\/21\/%f0%9f%9a%8d-des-bus-des-bus-de-partout-pour-la-manif\/ [&hellip;]\" \/>\n<meta property=\"og:url\" content=\"https:\/\/manifbure.fr\/de\/toutes-les-infos-pratiques\/\" \/>\n<meta property=\"og:site_name\" content=\"La Manif du Futur\" \/>\n<meta property=\"article:publisher\" content=\"https:\/\/www.facebook.com\/bureacuire2\/\" \/>\n<meta property=\"article:modified_time\" content=\"2025-09-19T16:41:34+00:00\" \/>\n<meta name=\"twitter:card\" content=\"summary_large_image\" \/>\n<meta name=\"twitter:site\" content=\"@BUREaCuire\" \/>\n<meta name=\"twitter:label1\" content=\"Gesch\u00e4tzte Lesezeit\" \/>\n\t<meta name=\"twitter:data1\" content=\"9\u00a0Minuten\" \/>\n<script type=\"application\/ld+json\" class=\"yoast-schema-graph\">{\"@context\":\"https:\/\/schema.org\",\"@graph\":[{\"@type\":\"WebPage\",\"@id\":\"https:\/\/manifbure.fr\/toutes-les-infos-pratiques\/\",\"url\":\"https:\/\/manifbure.fr\/toutes-les-infos-pratiques\/\",\"name\":\"Alle praktische infos !\",\"isPartOf\":{\"@id\":\"https:\/\/manifbure.fr\/#website\"},\"datePublished\":\"2025-08-21T19:46:56+00:00\",\"dateModified\":\"2025-09-19T16:41:34+00:00\",\"breadcrumb\":{\"@id\":\"https:\/\/manifbure.fr\/toutes-les-infos-pratiques\/#breadcrumb\"},\"inLanguage\":\"de-DE\",\"potentialAction\":[{\"@type\":\"ReadAction\",\"target\":[\"https:\/\/manifbure.fr\/toutes-les-infos-pratiques\/\"]}]},{\"@type\":\"BreadcrumbList\",\"@id\":\"https:\/\/manifbure.fr\/toutes-les-infos-pratiques\/#breadcrumb\",\"itemListElement\":[{\"@type\":\"ListItem\",\"position\":1,\"name\":\"Accueil\",\"item\":\"https:\/\/manifbure.fr\/de\/\"},{\"@type\":\"ListItem\",\"position\":2,\"name\":\"Toutes les infos pratiques !\"}]},{\"@type\":\"WebSite\",\"@id\":\"https:\/\/manifbure.fr\/#website\",\"url\":\"https:\/\/manifbure.fr\/\",\"name\":\"La Manif du Futur\",\"description\":\"\",\"publisher\":{\"@id\":\"https:\/\/manifbure.fr\/#organization\"},\"potentialAction\":[{\"@type\":\"SearchAction\",\"target\":{\"@type\":\"EntryPoint\",\"urlTemplate\":\"https:\/\/manifbure.fr\/?s={search_term_string}\"},\"query-input\":{\"@type\":\"PropertyValueSpecification\",\"valueRequired\":true,\"valueName\":\"search_term_string\"}}],\"inLanguage\":\"de-DE\"},{\"@type\":\"Organization\",\"@id\":\"https:\/\/manifbure.fr\/#organization\",\"name\":\"La Manif du Futur\",\"url\":\"https:\/\/manifbure.fr\/\",\"logo\":{\"@type\":\"ImageObject\",\"inLanguage\":\"de-DE\",\"@id\":\"https:\/\/manifbure.fr\/#\/schema\/logo\/image\/\",\"url\":\"https:\/\/manifbure.fr\/wp-content\/uploads\/2025\/05\/cropped-illus.png\",\"contentUrl\":\"https:\/\/manifbure.fr\/wp-content\/uploads\/2025\/05\/cropped-illus.png\",\"width\":960,\"height\":895,\"caption\":\"La Manif du Futur\"},\"image\":{\"@id\":\"https:\/\/manifbure.fr\/#\/schema\/logo\/image\/\"},\"sameAs\":[\"https:\/\/www.facebook.com\/bureacuire2\/\",\"https:\/\/x.com\/BUREaCuire\",\"https:\/\/www.instagram.com\/bureacuire_\/\"]}]}<\/script>\n<!-- \/ Yoast SEO plugin. -->","yoast_head_json":{"title":"Alle praktische infos !","robots":{"index":"index","follow":"follow","max-snippet":"max-snippet:-1","max-image-preview":"max-image-preview:large","max-video-preview":"max-video-preview:-1"},"canonical":"https:\/\/manifbure.fr\/de\/toutes-les-infos-pratiques\/","og_locale":"de_DE","og_type":"article","og_title":"[:fr]Toutes les infos pratiques ![:de]Alle praktische infos ![:] - La Manif du Futur","og_description":"Wo genau findet es statt? In Bure in der Meuse! Der Zugang zum Versammlungsort und zu den Zeltpl\u00e4tzen wird sp\u00e4ter auf dieser Seite bekannt gegeben. Mit dem Bus: Es werden Busse von mehreren Orten in Frankreich aus organisiert. Ihr k\u00f6nnt euch an die Organisatoren wenden oder selbst einen einrichten. Alle Informationen gibt es hier: https:\/\/manifbure.fr\/2025\/08\/21\/%f0%9f%9a%8d-des-bus-des-bus-de-partout-pour-la-manif\/ [&hellip;]","og_url":"https:\/\/manifbure.fr\/de\/toutes-les-infos-pratiques\/","og_site_name":"La Manif du Futur","article_publisher":"https:\/\/www.facebook.com\/bureacuire2\/","article_modified_time":"2025-09-19T16:41:34+00:00","twitter_card":"summary_large_image","twitter_site":"@BUREaCuire","twitter_misc":{"Gesch\u00e4tzte Lesezeit":"9\u00a0Minuten"},"schema":{"@context":"https:\/\/schema.org","@graph":[{"@type":"WebPage","@id":"https:\/\/manifbure.fr\/toutes-les-infos-pratiques\/","url":"https:\/\/manifbure.fr\/toutes-les-infos-pratiques\/","name":"Alle praktische infos !","isPartOf":{"@id":"https:\/\/manifbure.fr\/#website"},"datePublished":"2025-08-21T19:46:56+00:00","dateModified":"2025-09-19T16:41:34+00:00","breadcrumb":{"@id":"https:\/\/manifbure.fr\/toutes-les-infos-pratiques\/#breadcrumb"},"inLanguage":"de-DE","potentialAction":[{"@type":"ReadAction","target":["https:\/\/manifbure.fr\/toutes-les-infos-pratiques\/"]}]},{"@type":"BreadcrumbList","@id":"https:\/\/manifbure.fr\/toutes-les-infos-pratiques\/#breadcrumb","itemListElement":[{"@type":"ListItem","position":1,"name":"Accueil","item":"https:\/\/manifbure.fr\/de\/"},{"@type":"ListItem","position":2,"name":"Toutes les infos pratiques !"}]},{"@type":"WebSite","@id":"https:\/\/manifbure.fr\/#website","url":"https:\/\/manifbure.fr\/","name":"La Manif du Futur","description":"","publisher":{"@id":"https:\/\/manifbure.fr\/#organization"},"potentialAction":[{"@type":"SearchAction","target":{"@type":"EntryPoint","urlTemplate":"https:\/\/manifbure.fr\/?s={search_term_string}"},"query-input":{"@type":"PropertyValueSpecification","valueRequired":true,"valueName":"search_term_string"}}],"inLanguage":"de-DE"},{"@type":"Organization","@id":"https:\/\/manifbure.fr\/#organization","name":"La Manif du Futur","url":"https:\/\/manifbure.fr\/","logo":{"@type":"ImageObject","inLanguage":"de-DE","@id":"https:\/\/manifbure.fr\/#\/schema\/logo\/image\/","url":"https:\/\/manifbure.fr\/wp-content\/uploads\/2025\/05\/cropped-illus.png","contentUrl":"https:\/\/manifbure.fr\/wp-content\/uploads\/2025\/05\/cropped-illus.png","width":960,"height":895,"caption":"La Manif du Futur"},"image":{"@id":"https:\/\/manifbure.fr\/#\/schema\/logo\/image\/"},"sameAs":["https:\/\/www.facebook.com\/bureacuire2\/","https:\/\/x.com\/BUREaCuire","https:\/\/www.instagram.com\/bureacuire_\/"]}]}},"_links":{"self":[{"href":"https:\/\/manifbure.fr\/de\/wp-json\/wp\/v2\/pages\/580","targetHints":{"allow":["GET"]}}],"collection":[{"href":"https:\/\/manifbure.fr\/de\/wp-json\/wp\/v2\/pages"}],"about":[{"href":"https:\/\/manifbure.fr\/de\/wp-json\/wp\/v2\/types\/page"}],"author":[{"embeddable":true,"href":"https:\/\/manifbure.fr\/de\/wp-json\/wp\/v2\/users\/1"}],"replies":[{"embeddable":true,"href":"https:\/\/manifbure.fr\/de\/wp-json\/wp\/v2\/comments?post=580"}],"version-history":[{"count":30,"href":"https:\/\/manifbure.fr\/de\/wp-json\/wp\/v2\/pages\/580\/revisions"}],"predecessor-version":[{"id":734,"href":"https:\/\/manifbure.fr\/de\/wp-json\/wp\/v2\/pages\/580\/revisions\/734"}],"wp:attachment":[{"href":"https:\/\/manifbure.fr\/de\/wp-json\/wp\/v2\/media?parent=580"}],"curies":[{"name":"wp","href":"https:\/\/api.w.org\/{rel}","templated":true}]}}